{"id":7364,"date":"2025-12-18T15:11:45","date_gmt":"2025-12-18T15:11:45","guid":{"rendered":"https:\/\/www.ospcleaning.be\/?page_id=7364"},"modified":"2025-12-22T08:40:16","modified_gmt":"2025-12-22T08:40:16","slug":"estimation-devis","status":"publish","type":"page","link":"https:\/\/site.ospcleaning.be\/nl\/estimation-devis\/","title":{"rendered":"Estimation d\u00e9vis"},"content":{"rendered":"<div data-elementor-type=\"wp-post\" data-elementor-id=\"7364\" class=\"elementor elementor-7364\" data-elementor-post-type=\"page\">\n\t\t\t\t<div class=\"elementor-element elementor-element-4ef9797c e-flex e-con-boxed e-con e-parent\" data-id=\"4ef9797c\" data-element_type=\"container\">\n\t\t\t\t\t<div class=\"e-con-inner\">\n\t\t\t\t<div class=\"elementor-element elementor-element-69ee0936 elementor-widget elementor-widget-html\" data-id=\"69ee0936\" data-element_type=\"widget\" data-widget_type=\"html.default\">\n\t\t\t\t<div class=\"elementor-widget-container\">\n\t\t\t<div class=\"osp-estimation\">\r\n  <div class=\"container\">\r\n\r\n    <div class=\"header\">\r\n      <h1>DEVIS ESTIMATIF OSP CLEANING<\/h1>\r\n      <p>Obtenez une estimation pour votre service de nettoyage<\/p>\r\n    <\/div>\r\n\r\n    <div class=\"content-wrapper\">\r\n\r\n      <!-- COLONNE GAUCHE -->\r\n      <div class=\"left-column\">\r\n\r\n        <!-- TYPE DE SERVICE EN PREMIER -->\r\n        <h2 class=\"section-title\">Type de service<\/h2>\r\n\r\n        <div class=\"radio-group\">\r\n          <div class=\"radio-option\">\r\n            <input type=\"radio\" id=\"particulier\" name=\"type-service\" checked>\r\n            <label for=\"particulier\" class=\"radio-label\">\ud83c\udfe0 Particulier<\/label>\r\n          <\/div>\r\n          <div class=\"radio-option\">\r\n            <input type=\"radio\" id=\"professionnel\" name=\"type-service\">\r\n            <label for=\"professionnel\" class=\"radio-label\">\ud83c\udfe2 Professionnel<\/label>\r\n          <\/div>\r\n        <\/div>\r\n\r\n        <!-- INFORMATIONS REQUISES EN DEUXI\u00c8ME -->\r\n        <h2 class=\"section-title\">Informations requises<\/h2>\r\n\r\n        <div class=\"client-info-section\">\r\n          <!-- Champs PROFESSIONNEL (masqu\u00e9s par d\u00e9faut) -->\r\n          <div class=\"input-field field-professionnel\" style=\"display: none;\">\r\n            <label>Nom de l'entreprise *<\/label>\r\n            <input type=\"text\" id=\"company-name\" class=\"form-input\">\r\n          <\/div>\r\n\r\n          <div class=\"input-field field-professionnel\" style=\"display: none;\">\r\n            <label>Num\u00e9ro de TVA *<\/label>\r\n            <input type=\"text\" id=\"tva-number\" class=\"form-input\">\r\n          <\/div>\r\n\r\n          <!-- Champs COMMUNS (toujours visibles) -->\r\n          <div class=\"dimensions-group\">\r\n            <div class=\"input-field\">\r\n              <label>Nom du contact *<\/label>\r\n              <input type=\"text\" id=\"contact-name\" class=\"form-input required\">\r\n            <\/div>\r\n            <div class=\"input-field\">\r\n              <label>T\u00e9l\u00e9phone *<\/label>\r\n              <input type=\"tel\" id=\"contact-phone\" class=\"form-input required\">\r\n            <\/div>\r\n          <\/div>\r\n          \r\n          <div class=\"input-field\">\r\n            <label>Email *<\/label>\r\n            <input type=\"email\" id=\"contact-email\" class=\"form-input required\">\r\n          <\/div>\r\n        <\/div>\r\n\r\n        <!-- AJOUT DES PRESTATIONS EN TROISI\u00c8ME -->\r\n        <h2 class=\"section-title\">Ajouter des prestations<\/h2>\r\n\r\n        <div class=\"prestation-select-group\">\r\n          <label>S\u00e9lectionnez une prestation<\/label>\r\n          <select id=\"prestation-select\" class=\"form-select\"><\/select>\r\n        <\/div>\r\n\r\n        <button type=\"button\" class=\"btn-add\" id=\"btn-add\">\r\n          + Ajouter cette prestation\r\n        <\/button>\r\n\r\n        <div id=\"prestations-added\" class=\"prestations-added\"><\/div>\r\n\r\n        <div class=\"action-buttons\">\r\n          <button type=\"button\" class=\"btn-estimate\" id=\"btn-estimate\" disabled>\r\n            ESTIMER LE DEVIS\r\n          <\/button>\r\n          <button type=\"button\" class=\"btn-reset\" id=\"btn-reset\">\r\n            R\u00c9INITIALISER\r\n          <\/button>\r\n        <\/div>\r\n\r\n      <\/div>\r\n\r\n      <!-- COLONNE DROITE (inchang\u00e9e) -->\r\n      <div class=\"right-column\">\r\n\r\n        <h2 class=\"section-title\">R\u00e9capitulatif<\/h2>\r\n\r\n        <div id=\"summary-list\" class=\"summary-list\">\r\n          <div class=\"empty-summary\">\r\n            Ajoutez des prestations puis cliquez sur \"ESTIMER LE DEVIS\"\r\n          <\/div>\r\n        <\/div>\r\n\r\n        <div id=\"total-section\" class=\"total-section\" style=\"display:none;\">\r\n          <div class=\"total-row\">\r\n            <strong>Total estim\u00e9 :<\/strong>\r\n            <span id=\"total-estime\">0,00 \u20ac<\/span>\r\n          <\/div>\r\n        <\/div>\r\n\r\n        <div class=\"note\">\r\n          <strong>Note :<\/strong>\r\n          Ceci est un devis estimatif. Le devis final sera confirm\u00e9 apr\u00e8s analyse.\r\n        <\/div>\r\n\r\n        <div class=\"contact-section\">\r\n          <a href=\"https:\/\/wa.me\/3265843369\" target=\"_blank\" class=\"btn-contact\">\r\n            \ud83d\udcf1 Contactez-nous\r\n          <\/a>\r\n        <\/div>\r\n\r\n      <\/div>\r\n\r\n    <\/div>\r\n  <\/div>\r\n<\/div>\r\n\r\n<!-- Message de chargement -->\r\n<div id=\"loading\" class=\"loading\" style=\"display:none;\">\r\n  <div class=\"spinner\"><\/div>\r\n  <p>G\u00e9n\u00e9ration du devis en cours...<\/p>\r\n<\/div>\t\t<\/div>\n\t\t\t\t<\/div>\n\t\t\t\t\t<\/div>\n\t\t\t\t<\/div>\n\t\t\t\t<\/div>","protected":false},"excerpt":{"rendered":"<p>DEVIS ESTIMATIF OSP CLEANING Obtenez une estimation pour votre service de nettoyage Type de service \ud83c\udfe0 Particulier \ud83c\udfe2 Professionnel Informations requises Nom de l&#8217;entreprise * Num\u00e9ro de TVA * Nom du contact * T\u00e9l\u00e9phone * Email * Ajouter des prestations S\u00e9lectionnez une prestation + Ajouter cette prestation ESTIMER LE DEVIS R\u00c9INITIALISER R\u00e9capitulatif Ajoutez des prestations [&hellip;]<\/p>","protected":false},"author":1,"featured_media":0,"parent":0,"menu_order":0,"comment_status":"closed","ping_status":"closed","template":"","meta":{"footnotes":""},"class_list":["post-7364","page","type-page","status-publish","hentry"],"_links":{"self":[{"href":"https:\/\/site.ospcleaning.be\/nl\/wp-json\/wp\/v2\/pages\/7364","targetHints":{"allow":["GET"]}}],"collection":[{"href":"https:\/\/site.ospcleaning.be\/nl\/wp-json\/wp\/v2\/pages"}],"about":[{"href":"https:\/\/site.ospcleaning.be\/nl\/wp-json\/wp\/v2\/types\/page"}],"author":[{"embeddable":true,"href":"https:\/\/site.ospcleaning.be\/nl\/wp-json\/wp\/v2\/users\/1"}],"replies":[{"embeddable":true,"href":"https:\/\/site.ospcleaning.be\/nl\/wp-json\/wp\/v2\/comments?post=7364"}],"version-history":[{"count":38,"href":"https:\/\/site.ospcleaning.be\/nl\/wp-json\/wp\/v2\/pages\/7364\/revisions"}],"predecessor-version":[{"id":7804,"href":"https:\/\/site.ospcleaning.be\/nl\/wp-json\/wp\/v2\/pages\/7364\/revisions\/7804"}],"wp:attachment":[{"href":"https:\/\/site.ospcleaning.be\/nl\/wp-json\/wp\/v2\/media?parent=7364"}],"curies":[{"name":"wp","href":"https:\/\/api.w.org\/{rel}","templated":true}]}}