{"id":2492,"date":"2020-12-09T15:17:52","date_gmt":"2020-12-09T15:17:52","guid":{"rendered":"https:\/\/demo.casethemes.net\/bixol\/?page_id=2492"},"modified":"2024-11-21T00:43:51","modified_gmt":"2024-11-21T00:43:51","slug":"services-2","status":"publish","type":"page","link":"https:\/\/site.ospcleaning.be\/nl\/services-2\/","title":{"rendered":"Office Manager"},"content":{"rendered":"<div data-elementor-type=\"wp-page\" data-elementor-id=\"2492\" class=\"elementor elementor-2492\" data-elementor-post-type=\"page\">\n\t\t\t\t        <section class=\"elementor-section elementor-top-section elementor-element elementor-element-5d6b14bc elementor-section-stretched elementor-section-boxed elementor-section-height-default elementor-section-height-default ct-header-fixed-none\" data-id=\"5d6b14bc\" data-element_type=\"section\" data-settings=\"{&quot;stretch_section&quot;:&quot;section-stretched&quot;,&quot;background_background&quot;:&quot;classic&quot;}\">\n                            <div class=\"elementor-background-overlay\"><\/div>\n                \n                        <div class=\"elementor-container elementor-column-gap-extended\">\n                    <div class=\"elementor-column elementor-col-100 elementor-top-column elementor-element elementor-element-5cd7f4b5\" data-id=\"5cd7f4b5\" data-element_type=\"column\">\n        <div class=\"elementor-widget-wrap elementor-element-populated\">\n                    \n                <section class=\"elementor-section elementor-inner-section elementor-element elementor-element-26d9cd9c elementor-section-content-middle elementor-section-boxed elementor-section-height-default elementor-section-height-default ct-header-fixed-none\" data-id=\"26d9cd9c\" data-element_type=\"section\">\n            \n                        <div class=\"elementor-container elementor-column-gap-extended\">\n                    <div class=\"elementor-column elementor-col-50 elementor-inner-column elementor-element elementor-element-5a54998c\" data-id=\"5a54998c\" data-element_type=\"column\">\n        <div class=\"elementor-widget-wrap elementor-element-populated\">\n                    \n        \t\t<div class=\"elementor-element elementor-element-749a8a64 elementor-widget elementor-widget-ct_heading\" data-id=\"749a8a64\" data-element_type=\"widget\" data-widget_type=\"ct_heading.default\">\n\t\t\t\t<div class=\"elementor-widget-container\">\n\t\t\t<div id=\"ct_heading-749a8a64\" class=\"ct-heading h-align- ct-heading-left item-st-default\">\n\t<div class=\"ct-heading--inner\">\n        <div class=\"ct-inline-css\"  data-css=\"            \">\n        <\/div>\n            \t\t<div class=\"item--sub-title st-default\" data-wow-delay=\"ms\">\n                <div class=\"item--sub-title-inner\">\n                                            <div class=\"icon-sub-title\">\n                            <svg version=\"1.0\" xmlns=\"http:\/\/www.w3.org\/2000\/svg\" viewbox=\"0 0 382.000000 382.000000\" preserveaspectratio=\"xMidYMid meet\">\n                                <defs>\n                                    <lineargradient id=\"sub-icon1\" x1=\"0%\" y1=\"0%\" x2=\"0%\" y2=\"100%\">\n                                          <stop offset=\"0%\" style=\"stop-color:#b50303;stop-opacity:1\" \/>\n                                          <stop offset=\"100%\" style=\"stop-color:#0431b8;stop-opacity:1\" \/>\n                                    <\/lineargradient>\n                                  <\/defs>\n                                <g fill=\"url(#sub-icon1)\" transform=\"translate(0.000000,382.000000) scale(0.100000,-0.100000)\" stroke=\"none\"><path d=\"M1856 3797 c-20 -20 -23 -36 -29 -142 -50 -901 -761 -1612 -1662 -1662 -106 -6 -122 -9 -142 -29 -30 -30 -30 -78 0 -108 20 -20 36 -23 142 -29 901 -50 1612 -761 1662 -1662 6 -106 9 -122 29 -142 30 -30 78 -30 108 0 20 20 23 36 29 142 50 901 761 1612 1662 1662 106 6 122 9 142 29 30 30 30 78 0 108 -20 20 -36 23 -142 29 -901 50 -1612 761 -1662 1662 -6 106 -9 122 -29 142 -14 14 -35 23 -54 23 -19 0 -40 -9 -54 -23z\"\/><\/g>\n                            <\/svg>\n                            <svg version=\"1.0\" xmlns=\"http:\/\/www.w3.org\/2000\/svg\" viewbox=\"0 0 382.000000 382.000000\" preserveaspectratio=\"xMidYMid meet\">\n                                <defs>\n                                    <lineargradient id=\"sub-icon2\" x1=\"0%\" y1=\"0%\" x2=\"0%\" y2=\"100%\">\n                                          <stop offset=\"0%\" style=\"stop-color:#b50303;stop-opacity:1\" \/>\n                                          <stop offset=\"100%\" style=\"stop-color:#0431b8;stop-opacity:1\" \/>\n                                    <\/lineargradient>\n                                  <\/defs>\n                                <g fill=\"url(#sub-icon2)\" transform=\"translate(0.000000,382.000000) scale(0.100000,-0.100000)\" stroke=\"none\"><path d=\"M1856 3797 c-20 -20 -23 -36 -29 -142 -50 -901 -761 -1612 -1662 -1662 -106 -6 -122 -9 -142 -29 -30 -30 -30 -78 0 -108 20 -20 36 -23 142 -29 901 -50 1612 -761 1662 -1662 6 -106 9 -122 29 -142 30 -30 78 -30 108 0 20 20 23 36 29 142 50 901 761 1612 1662 1662 106 6 122 9 142 29 30 30 30 78 0 108 -20 20 -36 23 -142 29 -901 50 -1612 761 -1662 1662 -6 106 -9 122 -29 142 -14 14 -35 23 -54 23 -19 0 -40 -9 -54 -23z\"\/><\/g>\n                            <\/svg>\n                            <svg version=\"1.0\" xmlns=\"http:\/\/www.w3.org\/2000\/svg\" viewbox=\"0 0 382.000000 382.000000\" preserveaspectratio=\"xMidYMid meet\">\n                                <defs>\n                                    <lineargradient id=\"sub-icon3\" x1=\"0%\" y1=\"0%\" x2=\"0%\" y2=\"100%\">\n                                          <stop offset=\"0%\" style=\"stop-color:#b50303;stop-opacity:1\" \/>\n                                          <stop offset=\"100%\" style=\"stop-color:#0431b8;stop-opacity:1\" \/>\n                                    <\/lineargradient>\n                                  <\/defs>\n                                <g fill=\"url(#sub-icon3)\" transform=\"translate(0.000000,382.000000) scale(0.100000,-0.100000)\" stroke=\"none\"><path d=\"M1856 3797 c-20 -20 -23 -36 -29 -142 -50 -901 -761 -1612 -1662 -1662 -106 -6 -122 -9 -142 -29 -30 -30 -30 -78 0 -108 20 -20 36 -23 142 -29 901 -50 1612 -761 1662 -1662 6 -106 9 -122 29 -142 30 -30 78 -30 108 0 20 20 23 36 29 142 50 901 761 1612 1662 1662 106 6 122 9 142 29 30 30 30 78 0 108 -20 20 -36 23 -142 29 -901 50 -1612 761 -1662 1662 -6 106 -9 122 -29 142 -14 14 -35 23 -54 23 -19 0 -40 -9 -54 -23z\"\/><\/g>\n                            <\/svg>\n                        <\/div>\n                                        Speciale service                <\/div>\n            <\/div>\n    \t        <h3 class=\"item--title  st-default\" data-wow-delay=\"ms\">\n            <span class=\"ct-text-inner\">Office Manager <small>laat ons alles voor u regelen<\/small><\/span>        <\/h3>\n    <\/div>\n<\/div>\t\t<\/div>\n\t\t\t\t<\/div>\n\t\t            <\/div>\n        <\/div>\n                <div class=\"elementor-column elementor-col-50 elementor-inner-column elementor-element elementor-element-18d05d0a\" data-id=\"18d05d0a\" data-element_type=\"column\">\n        <div class=\"elementor-widget-wrap elementor-element-populated\">\n                    \n        \t\t<div class=\"elementor-element elementor-element-6ca3f7e6 elementor-widget elementor-widget-ct_text_editor\" data-id=\"6ca3f7e6\" data-element_type=\"widget\" data-widget_type=\"ct_text_editor.default\">\n\t\t\t\t<div class=\"elementor-widget-container\">\n\t\t\t<div id=\"ct_text_editor-6ca3f7e6\" class=\"ct-text-editor\" data-wow-delay=\"ms\">\n\t<div class=\"ct-item--inner\">\n\t\t<div class=\"ct-inline-css\"  data-css=\"\t        \t\t\t\">\n\n\t    <\/div>\n\t\t<div class=\"ct-text-editor elementor-clearfix\">\n\t\t\t<p>Om je te helpen bij het organiseren van je bedrijf, stelt ons bedrijf een door ons geselecteerd gekwalificeerd team ter beschikking. Dit team is in staat om een breed scala aan taken voor je uit te voeren:<\/p><ul><li>Een receptiedienst<\/li><li>Vergaderzalen voorbereiden en opruimen<\/li><li>Mail beheer<\/li><li>Drankautomaten<\/li><li>Een beveiligingsdienst<\/li><li>Organisatie van evenementen: afterworkparty's, banketten, enz.<br \/>Een callcenterservice<\/li><\/ul>\t\t\n\t\t<\/div>\n\t<\/div>\n<\/div>\t\t<\/div>\n\t\t\t\t<\/div>\n\t\t            <\/div>\n        <\/div>\n                    <\/div>\n        <\/section>\n        \t\t<div class=\"elementor-element elementor-element-75cdc6a elementor-widget__width-inherit e-transform e-transform elementor-widget elementor-widget-ct_banner\" data-id=\"75cdc6a\" data-element_type=\"widget\" data-settings=\"{&quot;_transform_scale_effect&quot;:{&quot;unit&quot;:&quot;px&quot;,&quot;size&quot;:&quot;&quot;,&quot;sizes&quot;:[]},&quot;_transform_scale_effect_tablet&quot;:{&quot;unit&quot;:&quot;px&quot;,&quot;size&quot;:&quot;&quot;,&quot;sizes&quot;:[]},&quot;_transform_scale_effect_mobile&quot;:{&quot;unit&quot;:&quot;px&quot;,&quot;size&quot;:&quot;&quot;,&quot;sizes&quot;:[]},&quot;_transform_skewX_effect&quot;:{&quot;unit&quot;:&quot;px&quot;,&quot;size&quot;:&quot;&quot;,&quot;sizes&quot;:[]},&quot;_transform_skewX_effect_tablet&quot;:{&quot;unit&quot;:&quot;deg&quot;,&quot;size&quot;:&quot;&quot;,&quot;sizes&quot;:[]},&quot;_transform_skewX_effect_mobile&quot;:{&quot;unit&quot;:&quot;deg&quot;,&quot;size&quot;:&quot;&quot;,&quot;sizes&quot;:[]},&quot;_transform_skewY_effect&quot;:{&quot;unit&quot;:&quot;px&quot;,&quot;size&quot;:&quot;&quot;,&quot;sizes&quot;:[]},&quot;_transform_skewY_effect_tablet&quot;:{&quot;unit&quot;:&quot;deg&quot;,&quot;size&quot;:&quot;&quot;,&quot;sizes&quot;:[]},&quot;_transform_skewY_effect_mobile&quot;:{&quot;unit&quot;:&quot;deg&quot;,&quot;size&quot;:&quot;&quot;,&quot;sizes&quot;:[]}}\" data-widget_type=\"ct_banner.default\">\n\t\t\t\t<div class=\"elementor-widget-container\">\n\t\t\t\t<div class=\"ct-banner2 wow bounce\">\n\t\t<div class=\"ct-banner-inner\">\n\t\t\t<img fetchpriority=\"high\" decoding=\"async\" class=\"ct-banner-image1\" src=\"https:\/\/site.ospcleaning.be\/wp-content\/uploads\/2024\/10\/courrier-660x410.jpg\" width=\"660\" height=\"410\" alt=\"courrier\" title=\"mail\" \/>\t\t\t<div class=\"item--holder\">\n\t\t\t\t<h4 class=\"item--title el-empty\">Office Manager<\/h4>\n\t\t\t\t<div class=\"item--desc el-empty\">Neem nu contact met ons op per telefoon, e-mail of via ons online formulier.<\/div>\n\t\t\t\t\t\t\t\t\t<div class=\"item--button\">\n\t\t\t\t\t\t<a href=\"\/nl\/contact-us\/\">Maak een afspraak<i class=\"flaticon flaticon-arrow\"><\/i><\/a>\n\t\t\t\t\t<\/div>\n\t\t\t\t\t\t\t<\/div>\n\t\t<\/div>\n\t<\/div>\n\t\t<\/div>\n\t\t\t\t<\/div>\n\t\t            <\/div>\n        <\/div>\n                    <\/div>\n        <\/section>\n        \t\t<\/div>","protected":false},"excerpt":{"rendered":"<p>Service special Office Manager laissez-nous tout g\u00e9rer pour vous Afin de vous assister dans l&rsquo;organisation de votre entreprise, notre soci\u00e9t\u00e9 met \u00e0 votre disposition une \u00e9quipe qualifi\u00e9e et choisit par nos soins. Celle-ci est capable d&rsquo;assurer de nombreuses t\u00e2ches pour vous : Un service d&rsquo;accueil Pr\u00e9paration et rangement de salles de r\u00e9union Gestion du courrier [&hellip;]<\/p>","protected":false},"author":1,"featured_media":0,"parent":0,"menu_order":0,"comment_status":"closed","ping_status":"closed","template":"","meta":{"footnotes":""},"class_list":["post-2492","page","type-page","status-publish","hentry"],"_links":{"self":[{"href":"https:\/\/site.ospcleaning.be\/nl\/wp-json\/wp\/v2\/pages\/2492","targetHints":{"allow":["GET"]}}],"collection":[{"href":"https:\/\/site.ospcleaning.be\/nl\/wp-json\/wp\/v2\/pages"}],"about":[{"href":"https:\/\/site.ospcleaning.be\/nl\/wp-json\/wp\/v2\/types\/page"}],"author":[{"embeddable":true,"href":"https:\/\/site.ospcleaning.be\/nl\/wp-json\/wp\/v2\/users\/1"}],"replies":[{"embeddable":true,"href":"https:\/\/site.ospcleaning.be\/nl\/wp-json\/wp\/v2\/comments?post=2492"}],"version-history":[{"count":24,"href":"https:\/\/site.ospcleaning.be\/nl\/wp-json\/wp\/v2\/pages\/2492\/revisions"}],"predecessor-version":[{"id":7614,"href":"https:\/\/site.ospcleaning.be\/nl\/wp-json\/wp\/v2\/pages\/2492\/revisions\/7614"}],"wp:attachment":[{"href":"https:\/\/site.ospcleaning.be\/nl\/wp-json\/wp\/v2\/media?parent=2492"}],"curies":[{"name":"wp","href":"https:\/\/api.w.org\/{rel}","templated":true}]}}