{"id":7330,"date":"2024-11-05T12:00:11","date_gmt":"2024-11-05T12:00:11","guid":{"rendered":"https:\/\/www.ospcleaning.be\/?page_id=7330"},"modified":"2024-11-05T12:03:17","modified_gmt":"2024-11-05T12:03:17","slug":"actualites","status":"publish","type":"page","link":"https:\/\/site.ospcleaning.be\/en\/actualites\/","title":{"rendered":"News"},"content":{"rendered":"<div data-elementor-type=\"wp-page\" data-elementor-id=\"7330\" class=\"elementor elementor-7330\" data-elementor-post-type=\"page\">\n\t\t\t\t<div class=\"elementor-element elementor-element-b2608e1 e-flex e-con-boxed e-con e-parent\" data-id=\"b2608e1\" data-element_type=\"container\">\n\t\t\t\t\t<div class=\"e-con-inner\">\n\t\t\t\t<div class=\"elementor-element elementor-element-6891c6e elementor-widget elementor-widget-heading\" data-id=\"6891c6e\" data-element_type=\"widget\" data-widget_type=\"heading.default\">\n\t\t\t\t<div class=\"elementor-widget-container\">\n\t\t\t<h2 class=\"elementor-heading-title elementor-size-default\">Latest news<\/h2>\t\t<\/div>\n\t\t\t\t<\/div>\n\t\t\t\t<div class=\"elementor-element elementor-element-dbed3ec elementor-widget elementor-widget-ct_blog_grid\" data-id=\"dbed3ec\" data-element_type=\"widget\" data-widget_type=\"ct_blog_grid.default\">\n\t\t\t\t<div class=\"elementor-widget-container\">\n\t\t\t\n<div id=\"ct_blog_grid-dbed3ec\" class=\"ct-grid ct-blog-grid ct-blog-grid-layout2\" data-layout=\"masonry\" data-start-page=\"1\" data-max-pages=\"0\" data-total=\"0\" data-perpage=\"12\" data-next-link=\"https:\/\/site.ospcleaning.be\/en\/wp-json\/wp\/v2\/pages\/7330\/page\/2\/\">\n    <div class=\"ct-grid-overlay\"><\/div>\n    \n    <div class=\"ct-grid-inner ct-grid-masonry row animate-time\" data-gutter=\"15\">\n                    <div class=\"grid-sizer col-xl-3 col-lg-3 col-md-4 col-sm-6 col-12\"><\/div>\n                    <\/div>\n        <\/div>\t\t<\/div>\n\t\t\t\t<\/div>\n\t\t\t\t\t<\/div>\n\t\t\t\t<\/div>\n\t\t\t\t<\/div>","protected":false},"excerpt":{"rendered":"<p>Derni\u00e8res nouvelles ao\u00fbt 17, 2020 pafrann How stay calm from the first time. Read more ao\u00fbt 15, 2020 pafrann Our proprietary enables Quality. Read more juillet 12, 2020 pafrann Locate Bixol USA Office Near You. Read more juin 16, 2020 pafrann Visit our office and see services. Read more juin 1, 2020 pafrann The Secret [&hellip;]<\/p>","protected":false},"author":1,"featured_media":0,"parent":0,"menu_order":0,"comment_status":"closed","ping_status":"closed","template":"","meta":{"footnotes":""},"class_list":["post-7330","page","type-page","status-publish","hentry"],"_links":{"self":[{"href":"https:\/\/site.ospcleaning.be\/en\/wp-json\/wp\/v2\/pages\/7330","targetHints":{"allow":["GET"]}}],"collection":[{"href":"https:\/\/site.ospcleaning.be\/en\/wp-json\/wp\/v2\/pages"}],"about":[{"href":"https:\/\/site.ospcleaning.be\/en\/wp-json\/wp\/v2\/types\/page"}],"author":[{"embeddable":true,"href":"https:\/\/site.ospcleaning.be\/en\/wp-json\/wp\/v2\/users\/1"}],"replies":[{"embeddable":true,"href":"https:\/\/site.ospcleaning.be\/en\/wp-json\/wp\/v2\/comments?post=7330"}],"version-history":[{"count":7,"href":"https:\/\/site.ospcleaning.be\/en\/wp-json\/wp\/v2\/pages\/7330\/revisions"}],"predecessor-version":[{"id":7340,"href":"https:\/\/site.ospcleaning.be\/en\/wp-json\/wp\/v2\/pages\/7330\/revisions\/7340"}],"wp:attachment":[{"href":"https:\/\/site.ospcleaning.be\/en\/wp-json\/wp\/v2\/media?parent=7330"}],"curies":[{"name":"wp","href":"https:\/\/api.w.org\/{rel}","templated":true}]}}