{"id":7256,"date":"2024-11-05T03:10:30","date_gmt":"2024-11-05T03:10:30","guid":{"rendered":"https:\/\/www.ospcleaning.be\/?page_id=7256"},"modified":"2024-11-20T16:27:51","modified_gmt":"2024-11-20T16:27:51","slug":"offres-demplois","status":"publish","type":"page","link":"https:\/\/site.ospcleaning.be\/en\/offres-demplois\/","title":{"rendered":"Offres d&#8217;emplois"},"content":{"rendered":"<div data-elementor-type=\"wp-page\" data-elementor-id=\"7256\" class=\"elementor elementor-7256\" data-elementor-post-type=\"page\">\n\t\t\t\t<div class=\"elementor-element elementor-element-68eb650 e-flex e-con-boxed e-con e-parent\" data-id=\"68eb650\" data-element_type=\"container\">\n\t\t\t\t\t<div class=\"e-con-inner\">\n\t\t<div class=\"elementor-element elementor-element-bd04726 e-con-full e-flex e-con e-child\" data-id=\"bd04726\" data-element_type=\"container\">\n\t\t\t\t<div class=\"elementor-element elementor-element-26fde16 elementor-cta--skin-classic elementor-animated-content elementor-bg-transform elementor-bg-transform-zoom-in elementor-widget elementor-widget-call-to-action\" data-id=\"26fde16\" data-element_type=\"widget\" data-widget_type=\"call-to-action.default\">\n\t\t\t\t<div class=\"elementor-widget-container\">\n\t\t\t\t\t<div class=\"elementor-cta\">\n\t\t\t\t\t<div class=\"elementor-cta__bg-wrapper\">\n\t\t\t\t<div class=\"elementor-cta__bg elementor-bg\" style=\"background-image: url(https:\/\/site.ospcleaning.be\/wp-content\/uploads\/2024\/11\/Nettoyage-vitres-pour-bureaux.jpg);\" role=\"img\" aria-label=\"\"><\/div>\n\t\t\t\t<div class=\"elementor-cta__bg-overlay\"><\/div>\n\t\t\t<\/div>\n\t\t\t\t\t\t\t<div class=\"elementor-cta__content\">\n\t\t\t\t\n\t\t\t\t\t\t\t\t\t<h2 class=\"elementor-cta__title elementor-cta__content-item elementor-content-item\">\n\t\t\t\t\t\tWorkers\t\t\t\t\t<\/h2>\n\t\t\t\t\n\t\t\t\t\t\t\t\t\t<div class=\"elementor-cta__description elementor-cta__content-item elementor-content-item\">\n\t\t\t\t\t\tSurface technicians, Window cleaners, Technical staff\t\t\t\t\t<\/div>\n\t\t\t\t\n\t\t\t\t\t\t\t\t\t<div class=\"elementor-cta__button-wrapper elementor-cta__content-item elementor-content-item\">\n\t\t\t\t\t<a class=\"elementor-cta__button elementor-button elementor-size-\" href=\"https:\/\/site.ospcleaning.be\/en\/postuler\/\">\n\t\t\t\t\t\tApply at\t\t\t\t\t<\/a>\n\t\t\t\t\t<\/div>\n\t\t\t\t\t\t\t<\/div>\n\t\t\t\t\t\t<\/div>\n\t\t\t\t<\/div>\n\t\t\t\t<\/div>\n\t\t\t\t<\/div>\n\t\t<div class=\"elementor-element elementor-element-67506b6 e-con-full e-flex e-con e-child\" data-id=\"67506b6\" data-element_type=\"container\">\n\t\t\t\t<div class=\"elementor-element elementor-element-265e351 elementor-cta--skin-classic elementor-animated-content elementor-bg-transform elementor-bg-transform-zoom-in elementor-widget elementor-widget-call-to-action\" data-id=\"265e351\" data-element_type=\"widget\" data-widget_type=\"call-to-action.default\">\n\t\t\t\t<div class=\"elementor-widget-container\">\n\t\t\t\t\t<div class=\"elementor-cta\">\n\t\t\t\t\t<div class=\"elementor-cta__bg-wrapper\">\n\t\t\t\t<div class=\"elementor-cta__bg elementor-bg\" style=\"background-image: url(https:\/\/site.ospcleaning.be\/wp-content\/uploads\/2024\/11\/optiisolutions.webp);\" role=\"img\" aria-label=\"\"><\/div>\n\t\t\t\t<div class=\"elementor-cta__bg-overlay\"><\/div>\n\t\t\t<\/div>\n\t\t\t\t\t\t\t<div class=\"elementor-cta__content\">\n\t\t\t\t\n\t\t\t\t\t\t\t\t\t<h2 class=\"elementor-cta__title elementor-cta__content-item elementor-content-item\">\n\t\t\t\t\t\tEmployees\t\t\t\t\t<\/h2>\n\t\t\t\t\n\t\t\t\t\t\t\t\t\t<div class=\"elementor-cta__description elementor-cta__content-item elementor-content-item\">\n\t\t\t\t\t\tSales, Management, Support, Reception, Operations\n\t\t\t\t\t<\/div>\n\t\t\t\t\n\t\t\t\t\t\t\t\t\t<div class=\"elementor-cta__button-wrapper elementor-cta__content-item elementor-content-item\">\n\t\t\t\t\t<a class=\"elementor-cta__button elementor-button elementor-size-\" href=\"https:\/\/site.ospcleaning.be\/en\/postuler\/\">\n\t\t\t\t\t\tApply at\t\t\t\t\t<\/a>\n\t\t\t\t\t<\/div>\n\t\t\t\t\t\t\t<\/div>\n\t\t\t\t\t\t<\/div>\n\t\t\t\t<\/div>\n\t\t\t\t<\/div>\n\t\t\t\t<\/div>\n\t\t<div class=\"elementor-element elementor-element-9e9cd88 e-con-full e-flex e-con e-child\" data-id=\"9e9cd88\" data-element_type=\"container\">\n\t\t\t\t<div class=\"elementor-element elementor-element-196b100 elementor-cta--skin-classic elementor-animated-content elementor-bg-transform elementor-bg-transform-zoom-in elementor-widget elementor-widget-call-to-action\" data-id=\"196b100\" data-element_type=\"widget\" data-widget_type=\"call-to-action.default\">\n\t\t\t\t<div class=\"elementor-widget-container\">\n\t\t\t\t\t<div class=\"elementor-cta\">\n\t\t\t\t\t<div class=\"elementor-cta__bg-wrapper\">\n\t\t\t\t<div class=\"elementor-cta__bg elementor-bg\" style=\"background-image: url(https:\/\/site.ospcleaning.be\/wp-content\/uploads\/2024\/11\/Voici-quelques-conseils-pour-trouver-un-job-etudiant.-1024x683-1.jpeg);\" role=\"img\" aria-label=\"\"><\/div>\n\t\t\t\t<div class=\"elementor-cta__bg-overlay\"><\/div>\n\t\t\t<\/div>\n\t\t\t\t\t\t\t<div class=\"elementor-cta__content\">\n\t\t\t\t\n\t\t\t\t\t\t\t\t\t<h2 class=\"elementor-cta__title elementor-cta__content-item elementor-content-item\">\n\t\t\t\t\t\tStudents\t\t\t\t\t<\/h2>\n\t\t\t\t\n\t\t\t\t\t\t\t\t\t<div class=\"elementor-cta__description elementor-cta__content-item elementor-content-item\">\n\t\t\t\t\t\tWant to gain experience with us? Apply for student positions\n\t\t\t\t\t<\/div>\n\t\t\t\t\n\t\t\t\t\t\t\t\t\t<div class=\"elementor-cta__button-wrapper elementor-cta__content-item elementor-content-item\">\n\t\t\t\t\t<a class=\"elementor-cta__button elementor-button elementor-size-\" href=\"https:\/\/site.ospcleaning.be\/en\/postuler\/\">\n\t\t\t\t\t\tApply at\t\t\t\t\t<\/a>\n\t\t\t\t\t<\/div>\n\t\t\t\t\t\t\t<\/div>\n\t\t\t\t\t\t<\/div>\n\t\t\t\t<\/div>\n\t\t\t\t<\/div>\n\t\t\t\t<\/div>\n\t\t\t\t\t<\/div>\n\t\t\t\t<\/div>\n\t\t\t\t<\/div>","protected":false},"excerpt":{"rendered":"<p>Ouvriers Technicien de surface, Laveurs de vitres, Collaborateurs techniques Postuler Employ\u00e9s Commercial, Management, Support, R\u00e9ception, Op\u00e9rations Postuler \u00c9tudiants Vous voulez acqu\u00e9rir de l\u2019exp\u00e9rience chez nous ? Postulez aux postes \u00e9tudiants Postuler<\/p>","protected":false},"author":1,"featured_media":0,"parent":0,"menu_order":0,"comment_status":"closed","ping_status":"closed","template":"","meta":{"footnotes":""},"class_list":["post-7256","page","type-page","status-publish","hentry"],"_links":{"self":[{"href":"https:\/\/site.ospcleaning.be\/en\/wp-json\/wp\/v2\/pages\/7256","targetHints":{"allow":["GET"]}}],"collection":[{"href":"https:\/\/site.ospcleaning.be\/en\/wp-json\/wp\/v2\/pages"}],"about":[{"href":"https:\/\/site.ospcleaning.be\/en\/wp-json\/wp\/v2\/types\/page"}],"author":[{"embeddable":true,"href":"https:\/\/site.ospcleaning.be\/en\/wp-json\/wp\/v2\/users\/1"}],"replies":[{"embeddable":true,"href":"https:\/\/site.ospcleaning.be\/en\/wp-json\/wp\/v2\/comments?post=7256"}],"version-history":[{"count":22,"href":"https:\/\/site.ospcleaning.be\/en\/wp-json\/wp\/v2\/pages\/7256\/revisions"}],"predecessor-version":[{"id":7599,"href":"https:\/\/site.ospcleaning.be\/en\/wp-json\/wp\/v2\/pages\/7256\/revisions\/7599"}],"wp:attachment":[{"href":"https:\/\/site.ospcleaning.be\/en\/wp-json\/wp\/v2\/media?parent=7256"}],"curies":[{"name":"wp","href":"https:\/\/api.w.org\/{rel}","templated":true}]}}