{"id":17,"date":"2020-06-05T09:13:05","date_gmt":"2020-06-05T09:13:05","guid":{"rendered":"https:\/\/demo.casethemes.net\/bixol\/?page_id=17"},"modified":"2024-11-20T16:17:19","modified_gmt":"2024-11-20T16:17:19","slug":"services","status":"publish","type":"page","link":"https:\/\/site.ospcleaning.be\/en\/services\/","title":{"rendered":"Services"},"content":{"rendered":"<div data-elementor-type=\"wp-page\" data-elementor-id=\"17\" class=\"elementor elementor-17\" data-elementor-post-type=\"page\">\n\t\t\t\t        <section class=\"elementor-section elementor-inner-section elementor-element elementor-element-5751bba elementor-section-boxed elementor-section-height-default elementor-section-height-default ct-header-fixed-none\" data-id=\"5751bba\" data-element_type=\"section\">\n            \n                        <div class=\"elementor-container elementor-column-gap-extended\">\n                    <div class=\"elementor-column elementor-col-50 elementor-inner-column elementor-element elementor-element-84cde25\" data-id=\"84cde25\" data-element_type=\"column\">\n        <div class=\"elementor-widget-wrap elementor-element-populated\">\n                    \n        \t\t<div class=\"elementor-element elementor-element-f5c4255 elementor-widget elementor-widget-ct_heading\" data-id=\"f5c4255\" data-element_type=\"widget\" data-widget_type=\"ct_heading.default\">\n\t\t\t\t<div class=\"elementor-widget-container\">\n\t\t\t<div id=\"ct_heading-f5c4255\" class=\"ct-heading h-align- ct-heading-left item-st-default\">\n\t<div class=\"ct-heading--inner\">\n        <div class=\"ct-inline-css\"  data-css=\"            \">\n        <\/div>\n            \t\t<div class=\"item--sub-title st-default\" data-wow-delay=\"ms\">\n                <div class=\"item--sub-title-inner\">\n                                            <div class=\"icon-sub-title\">\n                            <svg version=\"1.0\" xmlns=\"http:\/\/www.w3.org\/2000\/svg\" viewbox=\"0 0 382.000000 382.000000\" preserveaspectratio=\"xMidYMid meet\">\n                                <defs>\n                                    <lineargradient id=\"sub-icon1\" x1=\"0%\" y1=\"0%\" x2=\"0%\" y2=\"100%\">\n                                          <stop offset=\"0%\" style=\"stop-color:#b50303;stop-opacity:1\" \/>\n                                          <stop offset=\"100%\" style=\"stop-color:#0431b8;stop-opacity:1\" \/>\n                                    <\/lineargradient>\n                                  <\/defs>\n                                <g fill=\"url(#sub-icon1)\" transform=\"translate(0.000000,382.000000) scale(0.100000,-0.100000)\" stroke=\"none\"><path d=\"M1856 3797 c-20 -20 -23 -36 -29 -142 -50 -901 -761 -1612 -1662 -1662 -106 -6 -122 -9 -142 -29 -30 -30 -30 -78 0 -108 20 -20 36 -23 142 -29 901 -50 1612 -761 1662 -1662 6 -106 9 -122 29 -142 30 -30 78 -30 108 0 20 20 23 36 29 142 50 901 761 1612 1662 1662 106 6 122 9 142 29 30 30 30 78 0 108 -20 20 -36 23 -142 29 -901 50 -1612 761 -1662 1662 -6 106 -9 122 -29 142 -14 14 -35 23 -54 23 -19 0 -40 -9 -54 -23z\"\/><\/g>\n                            <\/svg>\n                            <svg version=\"1.0\" xmlns=\"http:\/\/www.w3.org\/2000\/svg\" viewbox=\"0 0 382.000000 382.000000\" preserveaspectratio=\"xMidYMid meet\">\n                                <defs>\n                                    <lineargradient id=\"sub-icon2\" x1=\"0%\" y1=\"0%\" x2=\"0%\" y2=\"100%\">\n                                          <stop offset=\"0%\" style=\"stop-color:#b50303;stop-opacity:1\" \/>\n                                          <stop offset=\"100%\" style=\"stop-color:#0431b8;stop-opacity:1\" \/>\n                                    <\/lineargradient>\n                                  <\/defs>\n                                <g fill=\"url(#sub-icon2)\" transform=\"translate(0.000000,382.000000) scale(0.100000,-0.100000)\" stroke=\"none\"><path d=\"M1856 3797 c-20 -20 -23 -36 -29 -142 -50 -901 -761 -1612 -1662 -1662 -106 -6 -122 -9 -142 -29 -30 -30 -30 -78 0 -108 20 -20 36 -23 142 -29 901 -50 1612 -761 1662 -1662 6 -106 9 -122 29 -142 30 -30 78 -30 108 0 20 20 23 36 29 142 50 901 761 1612 1662 1662 106 6 122 9 142 29 30 30 30 78 0 108 -20 20 -36 23 -142 29 -901 50 -1612 761 -1662 1662 -6 106 -9 122 -29 142 -14 14 -35 23 -54 23 -19 0 -40 -9 -54 -23z\"\/><\/g>\n                            <\/svg>\n                            <svg version=\"1.0\" xmlns=\"http:\/\/www.w3.org\/2000\/svg\" viewbox=\"0 0 382.000000 382.000000\" preserveaspectratio=\"xMidYMid meet\">\n                                <defs>\n                                    <lineargradient id=\"sub-icon3\" x1=\"0%\" y1=\"0%\" x2=\"0%\" y2=\"100%\">\n                                          <stop offset=\"0%\" style=\"stop-color:#b50303;stop-opacity:1\" \/>\n                                          <stop offset=\"100%\" style=\"stop-color:#0431b8;stop-opacity:1\" \/>\n                                    <\/lineargradient>\n                                  <\/defs>\n                                <g fill=\"url(#sub-icon3)\" transform=\"translate(0.000000,382.000000) scale(0.100000,-0.100000)\" stroke=\"none\"><path d=\"M1856 3797 c-20 -20 -23 -36 -29 -142 -50 -901 -761 -1612 -1662 -1662 -106 -6 -122 -9 -142 -29 -30 -30 -30 -78 0 -108 20 -20 36 -23 142 -29 901 -50 1612 -761 1662 -1662 6 -106 9 -122 29 -142 30 -30 78 -30 108 0 20 20 23 36 29 142 50 901 761 1612 1662 1662 106 6 122 9 142 29 30 30 30 78 0 108 -20 20 -36 23 -142 29 -901 50 -1612 761 -1662 1662 -6 106 -9 122 -29 142 -14 14 -35 23 -54 23 -19 0 -40 -9 -54 -23z\"\/><\/g>\n                            <\/svg>\n                        <\/div>\n                                        What we do                <\/div>\n            <\/div>\n    \t        <h3 class=\"item--title  st-default\" data-wow-delay=\"ms\">\n            <span class=\"ct-text-inner\">Why choose <small> our services?<\/small><\/span>        <\/h3>\n    <\/div>\n<\/div>\t\t<\/div>\n\t\t\t\t<\/div>\n\t\t\t\t<div class=\"elementor-element elementor-element-b62a0e6 elementor-widget elementor-widget-ct_text_editor\" data-id=\"b62a0e6\" data-element_type=\"widget\" data-widget_type=\"ct_text_editor.default\">\n\t\t\t\t<div class=\"elementor-widget-container\">\n\t\t\t<div id=\"ct_text_editor-b62a0e6\" class=\"ct-text-editor wow fadeInUp\" data-wow-delay=\"60ms\">\n\t<div class=\"ct-item--inner\">\n\t\t<div class=\"ct-inline-css\"  data-css=\"\t        \t\t\t\">\n\n\t    <\/div>\n\t\t<div class=\"ct-text-editor elementor-clearfix\">\n\t\t\t<p>We understand the importance of approaching each project with care and professionalism. We believe in clear and simple communication, and are committed to tailoring our services to best meet our customers' needs.<\/p>\t\t\n\t\t<\/div>\n\t<\/div>\n<\/div>\t\t<\/div>\n\t\t\t\t<\/div>\n\t\t\t\t<div class=\"elementor-element elementor-element-1a84b75 elementor-widget__width-initial elementor-widget-tablet__width-inherit elementor-widget elementor-widget-ct_list\" data-id=\"1a84b75\" data-element_type=\"widget\" data-widget_type=\"ct_list.default\">\n\t\t\t\t<div class=\"elementor-widget-container\">\n\t\t\t    <div class=\"ct-list\">\n                    <div class=\"ct-list-item wow fadeInUp\" data-wow-delay=\"120ms\">\n                                    <div class=\"ct-list-icon\">\n                        <i aria-hidden=\"true\" class=\"material zmdi zmdi-check-circle\"><\/i>                    <\/div>\n                            \t<div class=\"ct-list-content\">\n\t            \tProfessionalism\t            <\/div>\n           <\/div>\n                    <div class=\"ct-list-item wow fadeInUp\" data-wow-delay=\"120ms\">\n                                    <div class=\"ct-list-icon\">\n                        <i aria-hidden=\"true\" class=\"material zmdi zmdi-check-circle\"><\/i>                    <\/div>\n                            \t<div class=\"ct-list-content\">\n\t            \tFlexibility\t            <\/div>\n           <\/div>\n                    <div class=\"ct-list-item wow fadeInUp\" data-wow-delay=\"120ms\">\n                                    <div class=\"ct-list-icon\">\n                        <i aria-hidden=\"true\" class=\"material zmdi zmdi-check-circle\"><\/i>                    <\/div>\n                            \t<div class=\"ct-list-content\">\n\t            \tEco-friendly products\t            <\/div>\n           <\/div>\n            <\/div>\n\t\t<\/div>\n\t\t\t\t<\/div>\n\t\t\t\t<div class=\"elementor-element elementor-element-efac2e8 elementor-widget__width-initial elementor-widget-tablet__width-inherit elementor-widget elementor-widget-ct_list\" data-id=\"efac2e8\" data-element_type=\"widget\" data-widget_type=\"ct_list.default\">\n\t\t\t\t<div class=\"elementor-widget-container\">\n\t\t\t    <div class=\"ct-list\">\n                    <div class=\"ct-list-item wow fadeInUp\" data-wow-delay=\"180ms\">\n                                    <div class=\"ct-list-icon\">\n                        <i aria-hidden=\"true\" class=\"material zmdi zmdi-check-circle\"><\/i>                    <\/div>\n                            \t<div class=\"ct-list-content\">\n\t            \tCustomer satisfaction\t            <\/div>\n           <\/div>\n                    <div class=\"ct-list-item wow fadeInUp\" data-wow-delay=\"180ms\">\n                                    <div class=\"ct-list-icon\">\n                        <i aria-hidden=\"true\" class=\"material zmdi zmdi-check-circle\"><\/i>                    <\/div>\n                            \t<div class=\"ct-list-content\">\n\t            \tCustomised services\t            <\/div>\n           <\/div>\n                    <div class=\"ct-list-item wow fadeInUp\" data-wow-delay=\"180ms\">\n                                    <div class=\"ct-list-icon\">\n                        <i aria-hidden=\"true\" class=\"material zmdi zmdi-check-circle\"><\/i>                    <\/div>\n                            \t<div class=\"ct-list-content\">\n\t            \tValue for money:\t            <\/div>\n           <\/div>\n            <\/div>\n\t\t<\/div>\n\t\t\t\t<\/div>\n\t\t\t\t<div class=\"elementor-element elementor-element-995276d elementor-widget elementor-widget-ct_button\" data-id=\"995276d\" data-element_type=\"widget\" data-widget_type=\"ct_button.default\">\n\t\t\t\t<div class=\"elementor-widget-container\">\n\t\t\t<div id=\"ct_button-995276d\" class=\"ct-button-wrapper ct-button-layout1\">\n    <div class=\"ct-inline-css\"  data-css=\"        \">\n    <\/div>\n            <span class=\"ct-icon-active\"><\/span>\n        <a href=\"\/en\/contact-us\/\" class=\"btn   btn-default wow fadeInUp icon-ps-\" data-wow-delay=\"220ms\">\n                            <span class=\"ct-button-icon ct-align-icon-\">\n                            <\/span>\n                <span class=\"ct-button-text\">\n                        Contact us        <\/span>\n    <\/a>\n<\/div>\t\t<\/div>\n\t\t\t\t<\/div>\n\t\t            <\/div>\n        <\/div>\n                <div class=\"elementor-column elementor-col-50 elementor-inner-column elementor-element elementor-element-4ed3b87\" data-id=\"4ed3b87\" data-element_type=\"column\">\n        <div class=\"elementor-widget-wrap elementor-element-populated\">\n                    \n        \t\t<div class=\"elementor-element elementor-element-fee0c25 elementor-widget elementor-widget-ct_video_player\" data-id=\"fee0c25\" data-element_type=\"widget\" data-widget_type=\"ct_video_player.default\">\n\t\t\t\t<div class=\"elementor-widget-container\">\n\t\t\t<div class=\"ct-video-player btn-video-style3  wow fadeInRight\" data-wow-delay=\"ms\">\n    <div class=\"ct-video-box\">\n        <div class=\"ct-video-holder\">\n                            <img decoding=\"async\" src=\"https:\/\/site.ospcleaning.be\/wp-content\/uploads\/2021\/05\/h6-video-intro1.jpg\" title=\"h6-video-intro1\" alt=\"\" loading=\"lazy\" \/>                    <\/div>\n                    <a class=\"ct-video-button img-active style3\" href=\"https:\/\/www.site.ospcleaning.be\/wp-content\/uploads\/2024\/11\/osp.mp4\">\n                <i class=\"fac fac-play\"><\/i>\n            <\/a>\n            <\/div>\n    <\/div>\t\t<\/div>\n\t\t\t\t<\/div>\n\t\t            <\/div>\n        <\/div>\n                    <\/div>\n        <\/section>\n                <section class=\"elementor-section elementor-top-section elementor-element elementor-element-074b099 elementor-section-boxed elementor-section-height-default elementor-section-height-default ct-header-fixed-none\" data-id=\"074b099\" data-element_type=\"section\">\n            \n                        <div class=\"elementor-container elementor-column-gap-extended\">\n                    <div class=\"elementor-column elementor-col-100 elementor-top-column elementor-element elementor-element-9a280d4\" data-id=\"9a280d4\" data-element_type=\"column\">\n        <div class=\"elementor-widget-wrap elementor-element-populated\">\n                    \n        \t\t<div class=\"elementor-element elementor-element-8be451d elementor-cta--layout-image-left elementor-cta--skin-classic elementor-animated-content elementor-bg-transform elementor-bg-transform-zoom-in elementor-widget elementor-widget-call-to-action\" data-id=\"8be451d\" data-element_type=\"widget\" data-widget_type=\"call-to-action.default\">\n\t\t\t\t<div class=\"elementor-widget-container\">\n\t\t\t\t\t<div class=\"elementor-cta\">\n\t\t\t\t\t<div class=\"elementor-cta__bg-wrapper\">\n\t\t\t\t<div class=\"elementor-cta__bg elementor-bg\" style=\"background-image: url(https:\/\/site.ospcleaning.be\/wp-content\/uploads\/2024\/10\/sol-01-1024x683.jpg);\" role=\"img\" aria-label=\"\"><\/div>\n\t\t\t\t<div class=\"elementor-cta__bg-overlay\"><\/div>\n\t\t\t<\/div>\n\t\t\t\t\t\t\t<div class=\"elementor-cta__content\">\n\t\t\t\t\n\t\t\t\t\t\t\t\t\t<h2 class=\"elementor-cta__title elementor-cta__content-item elementor-content-item\">\n\t\t\t\t\t\tOffice cleaning\t\t\t\t\t<\/h2>\n\t\t\t\t\n\t\t\t\t\t\t\t\t\t<div class=\"elementor-cta__description elementor-cta__content-item elementor-content-item\">\n\t\t\t\t\t\tOur company specialises in cleaning and maintenance for offices, industrial premises, buildings, etc.\n\nOur mission is to keep your premises clean in order to optimise the working conditions of your employees, guests and customers, because working, being or living in an appropriate and clean environment can only be positive, beneficial and productive for the people who use the premises.\n\nWe guarantee safety and total control of our know-how. \"Hygiene and cleanliness\" is our motto.\n\nYou can take out a full cleaning contract starting from one hour's service per week. Our contract is flexible and we adapt to your needs.\t\t\t\t\t<\/div>\n\t\t\t\t\n\t\t\t\t\t\t\t<\/div>\n\t\t\t\t\t\t<\/div>\n\t\t\t\t<\/div>\n\t\t\t\t<\/div>\n\t\t\t\t<div class=\"elementor-element elementor-element-1d37c68 elementor-cta--layout-image-right elementor-cta--skin-classic elementor-animated-content elementor-bg-transform elementor-bg-transform-zoom-in elementor-widget elementor-widget-call-to-action\" data-id=\"1d37c68\" data-element_type=\"widget\" data-widget_type=\"call-to-action.default\">\n\t\t\t\t<div class=\"elementor-widget-container\">\n\t\t\t\t\t<div class=\"elementor-cta\">\n\t\t\t\t\t<div class=\"elementor-cta__bg-wrapper\">\n\t\t\t\t<div class=\"elementor-cta__bg elementor-bg\" style=\"background-image: url(https:\/\/site.ospcleaning.be\/wp-content\/uploads\/2024\/10\/service-nettoyage-garages-parkings-1024x683.jpg);\" role=\"img\" aria-label=\"\"><\/div>\n\t\t\t\t<div class=\"elementor-cta__bg-overlay\"><\/div>\n\t\t\t<\/div>\n\t\t\t\t\t\t\t<div class=\"elementor-cta__content\">\n\t\t\t\t\n\t\t\t\t\t\t\t\t\t<h2 class=\"elementor-cta__title elementor-cta__content-item elementor-content-item\">\n\t\t\t\t\t\t Car park and garage maintenance\t\t\t\t\t<\/h2>\n\t\t\t\t\n\t\t\t\t\t\t\t\t\t<div class=\"elementor-cta__description elementor-cta__content-item elementor-content-item\">\n\t\t\t\t\t\tCar parks and garages are places frequented by vehicles and users, and over time dirt can set in.\n\nTo avoid an unhealthy environment, our company offers a range of impeccable cleaning and\/or maintenance services for these often neglected areas.\n\n\t\t\t\t\t<\/div>\n\t\t\t\t\n\t\t\t\t\t\t\t<\/div>\n\t\t\t\t\t\t<\/div>\n\t\t\t\t<\/div>\n\t\t\t\t<\/div>\n\t\t\t\t<div class=\"elementor-element elementor-element-6aa27d5 elementor-cta--layout-image-left elementor-cta--skin-classic elementor-animated-content elementor-bg-transform elementor-bg-transform-zoom-in elementor-widget elementor-widget-call-to-action\" data-id=\"6aa27d5\" data-element_type=\"widget\" data-widget_type=\"call-to-action.default\">\n\t\t\t\t<div class=\"elementor-widget-container\">\n\t\t\t\t\t<div class=\"elementor-cta\">\n\t\t\t\t\t<div class=\"elementor-cta__bg-wrapper\">\n\t\t\t\t<div class=\"elementor-cta__bg elementor-bg\" style=\"background-image: url(https:\/\/site.ospcleaning.be\/wp-content\/uploads\/2024\/10\/service-nettoyage-vitres-square-1024x1024.jpg);\" role=\"img\" aria-label=\"\"><\/div>\n\t\t\t\t<div class=\"elementor-cta__bg-overlay\"><\/div>\n\t\t\t<\/div>\n\t\t\t\t\t\t\t<div class=\"elementor-cta__content\">\n\t\t\t\t\n\t\t\t\t\t\t\t\t\t<h2 class=\"elementor-cta__title elementor-cta__content-item elementor-content-item\">\n\t\t\t\t\t\tWindow cleaning\t\t\t\t\t<\/h2>\n\t\t\t\t\n\t\t\t\t\t\t\t\t\t<div class=\"elementor-cta__description elementor-cta__content-item elementor-content-item\">\n\t\t\t\t\t\tRegular maintenance of your glazing or windows by professionals offers benefits such as increased luminosity and, above all, a positive, uncluttered and prestigious image for your establishment or building.\t\t\t\t\t<\/div>\n\t\t\t\t\n\t\t\t\t\t\t\t<\/div>\n\t\t\t\t\t\t<\/div>\n\t\t\t\t<\/div>\n\t\t\t\t<\/div>\n\t\t\t\t<div class=\"elementor-element elementor-element-7681d30 elementor-cta--layout-image-right elementor-cta--skin-classic elementor-animated-content elementor-bg-transform elementor-bg-transform-zoom-in elementor-widget elementor-widget-call-to-action\" data-id=\"7681d30\" data-element_type=\"widget\" data-widget_type=\"call-to-action.default\">\n\t\t\t\t<div class=\"elementor-widget-container\">\n\t\t\t\t\t<div class=\"elementor-cta\">\n\t\t\t\t\t<div class=\"elementor-cta__bg-wrapper\">\n\t\t\t\t<div class=\"elementor-cta__bg elementor-bg\" style=\"background-image: url(https:\/\/site.ospcleaning.be\/wp-content\/uploads\/2024\/10\/couloir-hopital-01-1024x683.jpg);\" role=\"img\" aria-label=\"\"><\/div>\n\t\t\t\t<div class=\"elementor-cta__bg-overlay\"><\/div>\n\t\t\t<\/div>\n\t\t\t\t\t\t\t<div class=\"elementor-cta__content\">\n\t\t\t\t\n\t\t\t\t\t\t\t\t\t<h2 class=\"elementor-cta__title elementor-cta__content-item elementor-content-item\">\n\t\t\t\t\t\tHospital cleaning\t\t\t\t\t<\/h2>\n\t\t\t\t\n\t\t\t\t\t\t\t\t\t<div class=\"elementor-cta__description elementor-cta__content-item elementor-content-item\">\n\t\t\t\t\t\tGood hygiene in a hospital protects patients and nursing staff from possible contamination.\n\nTo maintain a clean environment, regular cleaning and disinfection are essential.\n\nOur teams are trained and specialised in this field.\n\n\t\t\t\t\t<\/div>\n\t\t\t\t\n\t\t\t\t\t\t\t<\/div>\n\t\t\t\t\t\t<\/div>\n\t\t\t\t<\/div>\n\t\t\t\t<\/div>\n\t\t\t\t<div class=\"elementor-element elementor-element-aa70a9c elementor-cta--layout-image-left elementor-cta--skin-classic elementor-animated-content elementor-bg-transform elementor-bg-transform-zoom-in elementor-widget elementor-widget-call-to-action\" data-id=\"aa70a9c\" data-element_type=\"widget\" data-widget_type=\"call-to-action.default\">\n\t\t\t\t<div class=\"elementor-widget-container\">\n\t\t\t\t\t<div class=\"elementor-cta\">\n\t\t\t\t\t<div class=\"elementor-cta__bg-wrapper\">\n\t\t\t\t<div class=\"elementor-cta__bg elementor-bg\" style=\"background-image: url(https:\/\/site.ospcleaning.be\/wp-content\/uploads\/2024\/10\/service-nettoyage-batiments-scolaires-1024x683.jpg);\" role=\"img\" aria-label=\"\"><\/div>\n\t\t\t\t<div class=\"elementor-cta__bg-overlay\"><\/div>\n\t\t\t<\/div>\n\t\t\t\t\t\t\t<div class=\"elementor-cta__content\">\n\t\t\t\t\n\t\t\t\t\t\t\t\t\t<h2 class=\"elementor-cta__title elementor-cta__content-item elementor-content-item\">\n\t\t\t\t\t\tCleaning school buildings\t\t\t\t\t<\/h2>\n\t\t\t\t\n\t\t\t\t\t\t\t\t\t<div class=\"elementor-cta__description elementor-cta__content-item elementor-content-item\">\n\t\t\t\t\t\tSince the arrival of covid-19, pupils and students have undergone quite a few changes.\n\nThat's why it's important for us to ensure a clean and healthy environment. It is therefore necessary to clean and disinfect constantly.\n\n\t\t\t\t\t<\/div>\n\t\t\t\t\n\t\t\t\t\t\t\t<\/div>\n\t\t\t\t\t\t<\/div>\n\t\t\t\t<\/div>\n\t\t\t\t<\/div>\n\t\t\t\t<div class=\"elementor-element elementor-element-5b9e9b0 elementor-cta--layout-image-right elementor-cta--skin-classic elementor-animated-content elementor-bg-transform elementor-bg-transform-zoom-in elementor-widget elementor-widget-call-to-action\" data-id=\"5b9e9b0\" data-element_type=\"widget\" data-widget_type=\"call-to-action.default\">\n\t\t\t\t<div class=\"elementor-widget-container\">\n\t\t\t\t\t<div class=\"elementor-cta\">\n\t\t\t\t\t<div class=\"elementor-cta__bg-wrapper\">\n\t\t\t\t<div class=\"elementor-cta__bg elementor-bg\" style=\"background-image: url(https:\/\/site.ospcleaning.be\/wp-content\/uploads\/2024\/10\/service-remise-en-etat-1024x683.jpg);\" role=\"img\" aria-label=\"\"><\/div>\n\t\t\t\t<div class=\"elementor-cta__bg-overlay\"><\/div>\n\t\t\t<\/div>\n\t\t\t\t\t\t\t<div class=\"elementor-cta__content\">\n\t\t\t\t\n\t\t\t\t\t\t\t\t\t<h2 class=\"elementor-cta__title elementor-cta__content-item elementor-content-item\">\n\t\t\t\t\t\t Refurbishment and exceptional work\t\t\t\t\t<\/h2>\n\t\t\t\t\n\t\t\t\t\t\t\t\t\t<div class=\"elementor-cta__description elementor-cta__content-item elementor-content-item\">\n\t\t\t\t\t\tBefore selling your property, we can completely refurbish it: houses, flats, offices, depots, warehouses, commercial premises, etc. Our services also include end-of-site cleaning and removal of bulky items.\n\nWe can also restore your property after works, rentals or damage.\t\t\t\t\t<\/div>\n\t\t\t\t\n\t\t\t\t\t\t\t<\/div>\n\t\t\t\t\t\t<\/div>\n\t\t\t\t<\/div>\n\t\t\t\t<\/div>\n\t\t\t\t<div class=\"elementor-element elementor-element-72df231 elementor-cta--layout-image-left elementor-cta--skin-classic elementor-animated-content elementor-bg-transform elementor-bg-transform-zoom-in elementor-widget elementor-widget-call-to-action\" data-id=\"72df231\" data-element_type=\"widget\" data-widget_type=\"call-to-action.default\">\n\t\t\t\t<div class=\"elementor-widget-container\">\n\t\t\t\t\t<div class=\"elementor-cta\">\n\t\t\t\t\t<div class=\"elementor-cta__bg-wrapper\">\n\t\t\t\t<div class=\"elementor-cta__bg elementor-bg\" style=\"background-image: url(https:\/\/site.ospcleaning.be\/wp-content\/uploads\/2024\/10\/service-traitement-sols-1024x683.jpg);\" role=\"img\" aria-label=\"\"><\/div>\n\t\t\t\t<div class=\"elementor-cta__bg-overlay\"><\/div>\n\t\t\t<\/div>\n\t\t\t\t\t\t\t<div class=\"elementor-cta__content\">\n\t\t\t\t\n\t\t\t\t\t\t\t\t\t<h2 class=\"elementor-cta__title elementor-cta__content-item elementor-content-item\">\n\t\t\t\t\t\tFloor treatment\t\t\t\t\t<\/h2>\n\t\t\t\t\n\t\t\t\t\t\t\t\t\t<div class=\"elementor-cta__description elementor-cta__content-item elementor-content-item\">\n\t\t\t\t\t\tThe floor is one of the most important elements of a structure, as it is from this that the cleanliness of an establishment can be judged.\n\nTo avoid damaging it and save time, it's best to call on our company for professional maintenance.\n\nWhat's more, we take care of all types of floor: tiles, parquet, carpet, vinyl, etc.\t\t\t\t\t<\/div>\n\t\t\t\t\n\t\t\t\t\t\t\t<\/div>\n\t\t\t\t\t\t<\/div>\n\t\t\t\t<\/div>\n\t\t\t\t<\/div>\n\t\t            <\/div>\n        <\/div>\n                    <\/div>\n        <\/section>\n        \t\t<\/div>","protected":false},"excerpt":{"rendered":"<p>Ce que nous faisons Pourquoi choisir nos services? Nous comprenons l&rsquo;importance d&rsquo;aborder chaque projet avec soin et professionnalisme. Nous croyons en une communication claire et simple, et nous nous engageons \u00e0 adapter nos services pour r\u00e9pondre au mieux aux besoins de nos clients. Professionnalisme Flexibilit\u00e9 Produits \u00e9cologiques Satisfaction client Services personnalis\u00e9s Rapport qualit\u00e9-prix : Contactez-nous [&hellip;]<\/p>","protected":false},"author":1,"featured_media":0,"parent":0,"menu_order":0,"comment_status":"closed","ping_status":"closed","template":"","meta":{"footnotes":""},"class_list":["post-17","page","type-page","status-publish","hentry"],"_links":{"self":[{"href":"https:\/\/site.ospcleaning.be\/en\/wp-json\/wp\/v2\/pages\/17","targetHints":{"allow":["GET"]}}],"collection":[{"href":"https:\/\/site.ospcleaning.be\/en\/wp-json\/wp\/v2\/pages"}],"about":[{"href":"https:\/\/site.ospcleaning.be\/en\/wp-json\/wp\/v2\/types\/page"}],"author":[{"embeddable":true,"href":"https:\/\/site.ospcleaning.be\/en\/wp-json\/wp\/v2\/users\/1"}],"replies":[{"embeddable":true,"href":"https:\/\/site.ospcleaning.be\/en\/wp-json\/wp\/v2\/comments?post=17"}],"version-history":[{"count":90,"href":"https:\/\/site.ospcleaning.be\/en\/wp-json\/wp\/v2\/pages\/17\/revisions"}],"predecessor-version":[{"id":7590,"href":"https:\/\/site.ospcleaning.be\/en\/wp-json\/wp\/v2\/pages\/17\/revisions\/7590"}],"wp:attachment":[{"href":"https:\/\/site.ospcleaning.be\/en\/wp-json\/wp\/v2\/media?parent=17"}],"curies":[{"name":"wp","href":"https:\/\/api.w.org\/{rel}","templated":true}]}}